{"id":7439,"date":"2025-11-28T14:55:17","date_gmt":"2025-11-28T13:55:17","guid":{"rendered":"https:\/\/newrocksport.ch\/?page_id=7439"},"modified":"2026-03-24T10:17:08","modified_gmt":"2026-03-24T09:17:08","slug":"crispi","status":"publish","type":"page","link":"https:\/\/newrocksport.ch\/fr\/marques\/crispi\/","title":{"rendered":"CRISPI"},"content":{"rendered":"","protected":false},"excerpt":{"rendered":"<p>Crispi, bas\u00e9e \u00e0 Montebelluna (V\u00e9n\u00e9tie), est depuis 1975 une marque italienne de r\u00e9f\u00e9rence dans les chaussures techniques de montagne, d\u2019outdoor et de chasse, reconnue au niveau international pour son artisanat, ses mat\u00e9riaux de haute qualit\u00e9 et son innovation technologique.<\/p>\n","protected":false},"author":2,"featured_media":7454,"parent":3259,"menu_order":0,"comment_status":"closed","ping_status":"closed","template":"","meta":{"footnotes":""},"class_list":["post-7439","page","type-page","status-publish","has-post-thumbnail","hentry"],"_links":{"self":[{"href":"https:\/\/newrocksport.ch\/fr\/wp-json\/wp\/v2\/pages\/7439","targetHints":{"allow":["GET"]}}],"collection":[{"href":"https:\/\/newrocksport.ch\/fr\/wp-json\/wp\/v2\/pages"}],"about":[{"href":"https:\/\/newrocksport.ch\/fr\/wp-json\/wp\/v2\/types\/page"}],"author":[{"embeddable":true,"href":"https:\/\/newrocksport.ch\/fr\/wp-json\/wp\/v2\/users\/2"}],"replies":[{"embeddable":true,"href":"https:\/\/newrocksport.ch\/fr\/wp-json\/wp\/v2\/comments?post=7439"}],"version-history":[{"count":1,"href":"https:\/\/newrocksport.ch\/fr\/wp-json\/wp\/v2\/pages\/7439\/revisions"}],"predecessor-version":[{"id":7446,"href":"https:\/\/newrocksport.ch\/fr\/wp-json\/wp\/v2\/pages\/7439\/revisions\/7446"}],"up":[{"embeddable":true,"href":"https:\/\/newrocksport.ch\/fr\/wp-json\/wp\/v2\/pages\/3259"}],"wp:featuredmedia":[{"embeddable":true,"href":"https:\/\/newrocksport.ch\/fr\/wp-json\/wp\/v2\/media\/7454"}],"wp:attachment":[{"href":"https:\/\/newrocksport.ch\/fr\/wp-json\/wp\/v2\/media?parent=7439"}],"curies":[{"name":"wp","href":"https:\/\/api.w.org\/{rel}","templated":true}]}}