{"id":5408,"date":"2023-08-29T09:59:09","date_gmt":"2023-08-29T08:59:09","guid":{"rendered":"https:\/\/newrocksport.ch\/?page_id=5408"},"modified":"2026-03-23T10:41:47","modified_gmt":"2026-03-23T09:41:47","slug":"darn-tough","status":"publish","type":"page","link":"https:\/\/newrocksport.ch\/fr\/marques\/darn-tough\/","title":{"rendered":"DARN TOUGH"},"content":{"rendered":"","protected":false},"excerpt":{"rendered":"<p>Darn Tough Vermont est une marque de chaussettes am\u00e9ricaine de renomm\u00e9e mondiale qui, depuis\u00a02004, s\u2019engage \u00e0 concevoir, fabriquer, proposer et distribuer des chaussettes \u00e0 la durabilit\u00e9, \u00e0 la tenue et au confort in\u00e9gal\u00e9s. Une promesse tenue, comme en t\u00e9moigne la garantie \u00e0 vie et sans conditions offerte sur tous les articles sigl\u00e9s Darn Tough.<\/p>\n","protected":false},"author":2,"featured_media":5442,"parent":3259,"menu_order":0,"comment_status":"closed","ping_status":"closed","template":"","meta":{"footnotes":""},"class_list":["post-5408","page","type-page","status-publish","has-post-thumbnail","hentry"],"_links":{"self":[{"href":"https:\/\/newrocksport.ch\/fr\/wp-json\/wp\/v2\/pages\/5408","targetHints":{"allow":["GET"]}}],"collection":[{"href":"https:\/\/newrocksport.ch\/fr\/wp-json\/wp\/v2\/pages"}],"about":[{"href":"https:\/\/newrocksport.ch\/fr\/wp-json\/wp\/v2\/types\/page"}],"author":[{"embeddable":true,"href":"https:\/\/newrocksport.ch\/fr\/wp-json\/wp\/v2\/users\/2"}],"replies":[{"embeddable":true,"href":"https:\/\/newrocksport.ch\/fr\/wp-json\/wp\/v2\/comments?post=5408"}],"version-history":[{"count":2,"href":"https:\/\/newrocksport.ch\/fr\/wp-json\/wp\/v2\/pages\/5408\/revisions"}],"predecessor-version":[{"id":5458,"href":"https:\/\/newrocksport.ch\/fr\/wp-json\/wp\/v2\/pages\/5408\/revisions\/5458"}],"up":[{"embeddable":true,"href":"https:\/\/newrocksport.ch\/fr\/wp-json\/wp\/v2\/pages\/3259"}],"wp:featuredmedia":[{"embeddable":true,"href":"https:\/\/newrocksport.ch\/fr\/wp-json\/wp\/v2\/media\/5442"}],"wp:attachment":[{"href":"https:\/\/newrocksport.ch\/fr\/wp-json\/wp\/v2\/media?parent=5408"}],"curies":[{"name":"wp","href":"https:\/\/api.w.org\/{rel}","templated":true}]}}