{"id":4442,"date":"2022-12-02T16:30:00","date_gmt":"2022-12-02T15:30:00","guid":{"rendered":"https:\/\/newrocksport.ch\/?page_id=4442"},"modified":"2025-09-24T09:59:02","modified_gmt":"2025-09-24T08:59:02","slug":"zag","status":"publish","type":"page","link":"https:\/\/newrocksport.ch\/fr\/marques\/zag\/","title":{"rendered":"ZAG"},"content":{"rendered":"","protected":false},"excerpt":{"rendered":"<p>Zag, bas\u00e9e \u00e0 Chamonix, est consid\u00e9r\u00e9e comme une marque de r\u00e9f\u00e9rence dans l&rsquo;industrie du ski dans les cat\u00e9gories all-mountain, freeride et touring.<\/p>\n","protected":false},"author":2,"featured_media":4474,"parent":3259,"menu_order":0,"comment_status":"closed","ping_status":"closed","template":"","meta":{"footnotes":""},"class_list":["post-4442","page","type-page","status-publish","has-post-thumbnail","hentry"],"_links":{"self":[{"href":"https:\/\/newrocksport.ch\/fr\/wp-json\/wp\/v2\/pages\/4442","targetHints":{"allow":["GET"]}}],"collection":[{"href":"https:\/\/newrocksport.ch\/fr\/wp-json\/wp\/v2\/pages"}],"about":[{"href":"https:\/\/newrocksport.ch\/fr\/wp-json\/wp\/v2\/types\/page"}],"author":[{"embeddable":true,"href":"https:\/\/newrocksport.ch\/fr\/wp-json\/wp\/v2\/users\/2"}],"replies":[{"embeddable":true,"href":"https:\/\/newrocksport.ch\/fr\/wp-json\/wp\/v2\/comments?post=4442"}],"version-history":[{"count":5,"href":"https:\/\/newrocksport.ch\/fr\/wp-json\/wp\/v2\/pages\/4442\/revisions"}],"predecessor-version":[{"id":6410,"href":"https:\/\/newrocksport.ch\/fr\/wp-json\/wp\/v2\/pages\/4442\/revisions\/6410"}],"up":[{"embeddable":true,"href":"https:\/\/newrocksport.ch\/fr\/wp-json\/wp\/v2\/pages\/3259"}],"wp:featuredmedia":[{"embeddable":true,"href":"https:\/\/newrocksport.ch\/fr\/wp-json\/wp\/v2\/media\/4474"}],"wp:attachment":[{"href":"https:\/\/newrocksport.ch\/fr\/wp-json\/wp\/v2\/media?parent=4442"}],"curies":[{"name":"wp","href":"https:\/\/api.w.org\/{rel}","templated":true}]}}