{"id":7438,"date":"2025-11-28T14:55:17","date_gmt":"2025-11-28T13:55:17","guid":{"rendered":"https:\/\/newrocksport.ch\/?page_id=7438"},"modified":"2026-03-23T10:34:07","modified_gmt":"2026-03-23T09:34:07","slug":"crispi","status":"publish","type":"page","link":"https:\/\/newrocksport.ch\/de\/marken\/crispi\/","title":{"rendered":"CRISPI"},"content":{"rendered":"","protected":false},"excerpt":{"rendered":"<p>Crispi mit Sitz in Montebelluna (Venetien) ist seit 1975 eine italienische Referenzmarke f\u00fcr technische Berg-, Outdoor- und Jagdschuhe und wird international f\u00fcr die Kombination aus Handwerkskunst, hochwertigen Materialien und technologischer Innovation gesch\u00e4tzt.<\/p>\n","protected":false},"author":2,"featured_media":7453,"parent":3261,"menu_order":0,"comment_status":"closed","ping_status":"closed","template":"","meta":{"footnotes":""},"class_list":["post-7438","page","type-page","status-publish","has-post-thumbnail","hentry"],"_links":{"self":[{"href":"https:\/\/newrocksport.ch\/de\/wp-json\/wp\/v2\/pages\/7438","targetHints":{"allow":["GET"]}}],"collection":[{"href":"https:\/\/newrocksport.ch\/de\/wp-json\/wp\/v2\/pages"}],"about":[{"href":"https:\/\/newrocksport.ch\/de\/wp-json\/wp\/v2\/types\/page"}],"author":[{"embeddable":true,"href":"https:\/\/newrocksport.ch\/de\/wp-json\/wp\/v2\/users\/2"}],"replies":[{"embeddable":true,"href":"https:\/\/newrocksport.ch\/de\/wp-json\/wp\/v2\/comments?post=7438"}],"version-history":[{"count":1,"href":"https:\/\/newrocksport.ch\/de\/wp-json\/wp\/v2\/pages\/7438\/revisions"}],"predecessor-version":[{"id":7444,"href":"https:\/\/newrocksport.ch\/de\/wp-json\/wp\/v2\/pages\/7438\/revisions\/7444"}],"up":[{"embeddable":true,"href":"https:\/\/newrocksport.ch\/de\/wp-json\/wp\/v2\/pages\/3261"}],"wp:featuredmedia":[{"embeddable":true,"href":"https:\/\/newrocksport.ch\/de\/wp-json\/wp\/v2\/media\/7453"}],"wp:attachment":[{"href":"https:\/\/newrocksport.ch\/de\/wp-json\/wp\/v2\/media?parent=7438"}],"curies":[{"name":"wp","href":"https:\/\/api.w.org\/{rel}","templated":true}]}}